{"id":12,"date":"2024-10-23T13:22:04","date_gmt":"2024-10-23T13:22:04","guid":{"rendered":"http:\/\/www.heidinkuva.fi\/?page_id=12"},"modified":"2025-12-05T03:37:47","modified_gmt":"2025-12-05T03:37:47","slug":"hinnasto","status":"publish","type":"page","link":"http:\/\/www.heidinkuva.fi\/index.php\/hinnasto\/","title":{"rendered":"HINNASTO"},"content":{"rendered":"\n<div class=\"wp-block-group alignfull has-global-padding is-layout-constrained wp-container-core-group-is-layout-1 wp-block-group-is-layout-constrained\" style=\"margin-top:0;margin-bottom:0;padding-top:var(--wp--preset--spacing--50);padding-right:var(--wp--preset--spacing--50);padding-bottom:var(--wp--preset--spacing--50);padding-left:var(--wp--preset--spacing--50)\">\n<p class=\"has-medium-font-size\">MUOTOKUVAUS\/BOUDOIR 140\u20ac<\/p>\n\n\n\n<p class=\"has-medium-font-size\">PARISKUNTA-\/PERHE-\/RASKAUS-<\/p>\n\n\n\n<p class=\"has-medium-font-size\">\/ LAPSIKUVAVUS 155\u20ac<\/p>\n\n\n\n<p>Jokainen kuvaus sis\u00e4lt\u00e4\u00e4 10 k\u00e4sitelty\u00e4 kuvaa nettilinkin kautta.<\/p>\n\n\n\n<p><\/p>\n\n\n\n<p>VASTASYNTYNEEN KUVAUS 140 (Kiireet\u00f6n kuvaus ja 8 kpl kuvia nettilinkin kautta)<\/p>\n\n\n\n<p>JOKAISESTA KATEGORIASTA LIS\u00c4KUVAT 15 \u20ac \/KPL<\/p>\n<\/div>\n","protected":false},"excerpt":{"rendered":"<p>MUOTOKUVAUS\/BOUDOIR 140\u20ac PARISKUNTA-\/PERHE-\/RASKAUS- \/ LAPSIKUVAVUS 155\u20ac Jokainen kuvaus sis\u00e4lt\u00e4\u00e4 10 k\u00e4sitelty\u00e4 kuvaa nettilinkin kautta. VASTASYNTYNEEN KUVAUS 140 (Kiireet\u00f6n kuvaus ja 8 kpl kuvia nettilinkin kautta) JOKAISESTA KATEGORIASTA LIS\u00c4KUVAT 15 \u20ac \/KPL<\/p>\n","protected":false},"author":1,"featured_media":0,"parent":0,"menu_order":0,"comment_status":"closed","ping_status":"closed","template":"","meta":{"footnotes":""},"class_list":["post-12","page","type-page","status-publish","hentry"],"_links":{"self":[{"href":"http:\/\/www.heidinkuva.fi\/index.php\/wp-json\/wp\/v2\/pages\/12","targetHints":{"allow":["GET"]}}],"collection":[{"href":"http:\/\/www.heidinkuva.fi\/index.php\/wp-json\/wp\/v2\/pages"}],"about":[{"href":"http:\/\/www.heidinkuva.fi\/index.php\/wp-json\/wp\/v2\/types\/page"}],"author":[{"embeddable":true,"href":"http:\/\/www.heidinkuva.fi\/index.php\/wp-json\/wp\/v2\/users\/1"}],"replies":[{"embeddable":true,"href":"http:\/\/www.heidinkuva.fi\/index.php\/wp-json\/wp\/v2\/comments?post=12"}],"version-history":[{"count":15,"href":"http:\/\/www.heidinkuva.fi\/index.php\/wp-json\/wp\/v2\/pages\/12\/revisions"}],"predecessor-version":[{"id":131,"href":"http:\/\/www.heidinkuva.fi\/index.php\/wp-json\/wp\/v2\/pages\/12\/revisions\/131"}],"wp:attachment":[{"href":"http:\/\/www.heidinkuva.fi\/index.php\/wp-json\/wp\/v2\/media?parent=12"}],"curies":[{"name":"wp","href":"https:\/\/api.w.org\/{rel}","templated":true}]}}